{"id":1555,"date":"2021-10-06T14:45:02","date_gmt":"2021-10-06T14:45:02","guid":{"rendered":"https:\/\/hoteloperagarnier.com\/legal-notice\/"},"modified":"2021-10-06T14:45:02","modified_gmt":"2021-10-06T14:45:02","slug":"legal-notice","status":"publish","type":"page","link":"https:\/\/hoteloperagarnier.com\/en\/legal-notice\/","title":{"rendered":"Legal Notice"},"content":{"rendered":"\t\t<div data-elementor-type=\"wp-page\" data-elementor-id=\"1555\" class=\"elementor elementor-1555 elementor-692\">\n\t\t\t\t\t\t<section class=\"elementor-section elementor-top-section elementor-element elementor-element-1373818f elementor-section-full_width elementor-section-stretched elementor-section-height-default elementor-section-height-default parallax_section_no qode_elementor_container_no\" data-id=\"1373818f\" data-element_type=\"section\" data-e-type=\"section\" data-settings=\"{&quot;background_background&quot;:&quot;classic&quot;,&quot;stretch_section&quot;:&quot;section-stretched&quot;}\">\n\t\t\t\t\t\t<div class=\"elementor-container elementor-column-gap-default\">\n\t\t\t\t\t<div class=\"elementor-column elementor-col-100 elementor-top-column elementor-element elementor-element-37007d8\" data-id=\"37007d8\" data-element_type=\"column\" data-e-type=\"column\" data-settings=\"{&quot;background_background&quot;:&quot;classic&quot;}\">\n\t\t\t<div class=\"elementor-widget-wrap elementor-element-populated\">\n\t\t\t\t\t\t<div class=\"elementor-element elementor-element-2150d66 elementor-widget elementor-widget-heading\" data-id=\"2150d66\" data-element_type=\"widget\" data-e-type=\"widget\" data-widget_type=\"heading.default\">\n\t\t\t\t<div class=\"elementor-widget-container\">\n\t\t\t\t\t<h1 class=\"elementor-heading-title elementor-size-default\">Mentions L\u00e9gales<\/h1>\t\t\t\t<\/div>\n\t\t\t\t<\/div>\n\t\t\t\t<div class=\"elementor-element elementor-element-1170199 elementor-widget elementor-widget-heading\" data-id=\"1170199\" data-element_type=\"widget\" data-e-type=\"widget\" data-widget_type=\"heading.default\">\n\t\t\t\t<div class=\"elementor-widget-container\">\n\t\t\t\t\t<h1 class=\"elementor-heading-title elementor-size-default\">Editeur du Site Internet<\/h1>\t\t\t\t<\/div>\n\t\t\t\t<\/div>\n\t\t\t\t<div class=\"elementor-element elementor-element-715b3d7 elementor-widget elementor-widget-text-editor\" data-id=\"715b3d7\" data-element_type=\"widget\" data-e-type=\"widget\" data-widget_type=\"text-editor.default\">\n\t\t\t\t<div class=\"elementor-widget-container\">\n\t\t\t\t\t\t\t\t\t<p>Clic Gauche<br \/>SARL au capital de 10 000 \u20ac inscrite au RCS de Paris sous le n\u00b0 512850421<br \/>TVA intracommunautaire : FR34512850421<br \/>Si\u00e8ge social : 9 rue de l\u2019Arc de Triomphe \u2013 75017 Paris<br \/>Tel : +33 (0)1 73 71 81 87<br \/>E-mail : contact@clic-gauche.com<\/p>\n\t\t\t\t\t\t\t\t<\/div>\n\t\t\t\t<\/div>\n\t\t\t\t<div class=\"elementor-element elementor-element-cfea403 elementor-widget elementor-widget-heading\" data-id=\"cfea403\" data-element_type=\"widget\" data-e-type=\"widget\" data-widget_type=\"heading.default\">\n\t\t\t\t<div class=\"elementor-widget-container\">\n\t\t\t\t\t<h1 class=\"elementor-heading-title elementor-size-default\">H\u00e9bergeur<\/h1>\t\t\t\t<\/div>\n\t\t\t\t<\/div>\n\t\t\t\t<div class=\"elementor-element elementor-element-10fdd0c elementor-widget elementor-widget-text-editor\" data-id=\"10fdd0c\" data-element_type=\"widget\" data-e-type=\"widget\" data-widget_type=\"text-editor.default\">\n\t\t\t\t<div class=\"elementor-widget-container\">\n\t\t\t\t\t\t\t\t\t<p>AMEN<br \/>Adresse : AMEN SASU, 12-14, Rond-Point des Champs-\u00c9lys\u00e9es 75008 Paris<br \/>Tel : 0 811 88 77 66<br \/>E-mail : rubrique \u00ab Contactez-nous \u00bb du site www.amen.fr<\/p>\n\t\t\t\t\t\t\t\t<\/div>\n\t\t\t\t<\/div>\n\t\t\t\t<div class=\"elementor-element elementor-element-1017ee2 elementor-widget elementor-widget-heading\" data-id=\"1017ee2\" data-element_type=\"widget\" data-e-type=\"widget\" data-widget_type=\"heading.default\">\n\t\t\t\t<div class=\"elementor-widget-container\">\n\t\t\t\t\t<h1 class=\"elementor-heading-title elementor-size-default\">Responsable des informations de ce site internet<\/h1>\t\t\t\t<\/div>\n\t\t\t\t<\/div>\n\t\t\t\t<div class=\"elementor-element elementor-element-6ce6bf1 elementor-widget elementor-widget-text-editor\" data-id=\"6ce6bf1\" data-element_type=\"widget\" data-e-type=\"widget\" data-widget_type=\"text-editor.default\">\n\t\t\t\t<div class=\"elementor-widget-container\">\n\t\t\t\t\t\t\t\t\t<p>Mercure Paris Op\u00e9ra Garnier H\u00f4tel &amp; SPA<br \/>Responsable : Frank du CHAPELET<br \/>Adresse postale : 4, rue de l\u2019Isly 75008 Paris \u2013 France<br \/>Adresse mail : H1913@accor.com<br \/>Code APE : 5510Z<\/p>\n\t\t\t\t\t\t\t\t<\/div>\n\t\t\t\t<\/div>\n\t\t\t\t<div class=\"elementor-element elementor-element-21d3531 elementor-widget elementor-widget-heading\" data-id=\"21d3531\" data-element_type=\"widget\" data-e-type=\"widget\" data-widget_type=\"heading.default\">\n\t\t\t\t<div class=\"elementor-widget-container\">\n\t\t\t\t\t<h1 class=\"elementor-heading-title elementor-size-default\">Protection du site internet<\/h1>\t\t\t\t<\/div>\n\t\t\t\t<\/div>\n\t\t\t\t<div class=\"elementor-element elementor-element-1f618ab elementor-widget elementor-widget-text-editor\" data-id=\"1f618ab\" data-element_type=\"widget\" data-e-type=\"widget\" data-widget_type=\"text-editor.default\">\n\t\t\t\t<div class=\"elementor-widget-container\">\n\t\t\t\t\t\t\t\t\t<p>Toute reproduction, m\u00eame partielle de ce site internet est interdite.<br \/>Marque, mod\u00e8le, dessins et textes sont d\u00e9pos\u00e9s et prot\u00e9g\u00e9s.<\/p>\n\t\t\t\t\t\t\t\t<\/div>\n\t\t\t\t<\/div>\n\t\t\t\t<div class=\"elementor-element elementor-element-9c8b9f4 elementor-widget elementor-widget-heading\" data-id=\"9c8b9f4\" data-element_type=\"widget\" data-e-type=\"widget\" data-widget_type=\"heading.default\">\n\t\t\t\t<div class=\"elementor-widget-container\">\n\t\t\t\t\t<h1 class=\"elementor-heading-title elementor-size-default\">Protection des donn\u00e9es personnelles et s\u00e9curit\u00e9<\/h1>\t\t\t\t<\/div>\n\t\t\t\t<\/div>\n\t\t\t\t<div class=\"elementor-element elementor-element-198fe5b elementor-widget elementor-widget-text-editor\" data-id=\"198fe5b\" data-element_type=\"widget\" data-e-type=\"widget\" data-widget_type=\"text-editor.default\">\n\t\t\t\t<div class=\"elementor-widget-container\">\n\t\t\t\t\t\t\t\t\t<p>Aucune information personnelle n\u2019est collect\u00e9e \u00e0 l\u2019insu de l\u2019internaute.<br \/>Aucune information personnelle n\u2019est c\u00e9d\u00e9e \u00e0 des tiers ou utilis\u00e9e \u00e0 des fins non pr\u00e9vues.<br \/>Les informations personnelles des internautes inscrites par le biais des adresses \u00e9lectroniques : e-mail ou formulaires de r\u00e9servation sont seulement transmis \u00e0 h\u00f4tel dont les internautes en auront fait la demande \u00e0 cette adresse : H1913@accor.com<\/p>\n<p>Le syst\u00e8me de r\u00e9servation Online Availpro fait l\u2019objet d\u2019une d\u00e9claration aupr\u00e8s de la Commission Nationale Informatique et Libert\u00e9.<\/p>\n<p>Vous disposez d\u2019un droit d\u2019acc\u00e8s, de modification, de rectification et de suppression des donn\u00e9es qui vous concernent (art. 34 de la loi \u201cInformatique et Libert\u00e9s\u201d).<br \/>Pour l\u2019exercer, adressez vous \u00e0 H1913@accor.com<\/p>\n\t\t\t\t\t\t\t\t<\/div>\n\t\t\t\t<\/div>\n\t\t\t\t<div class=\"elementor-element elementor-element-ec0311b elementor-widget elementor-widget-heading\" data-id=\"ec0311b\" data-element_type=\"widget\" data-e-type=\"widget\" data-widget_type=\"heading.default\">\n\t\t\t\t<div class=\"elementor-widget-container\">\n\t\t\t\t\t<h1 class=\"elementor-heading-title elementor-size-default\">Responsabilit\u00e9<\/h1>\t\t\t\t<\/div>\n\t\t\t\t<\/div>\n\t\t\t\t<div class=\"elementor-element elementor-element-3b3a476 elementor-widget elementor-widget-text-editor\" data-id=\"3b3a476\" data-element_type=\"widget\" data-e-type=\"widget\" data-widget_type=\"text-editor.default\">\n\t\t\t\t<div class=\"elementor-widget-container\">\n\t\t\t\t\t\t\t\t\t<p>La soci\u00e9t\u00e9 Clic Gauche, \u00e9ditant ce site, se d\u00e9gage de toutes responsabilit\u00e9s si l\u2019internaute visitant ce site internet venait \u00e0 divulguer ou inscrire par le biais des adresses \u00e9lectroniques : e-mail ou formulaire de r\u00e9servations, toutes coordonn\u00e9es bancaires.<br \/>La responsabilit\u00e9 de la Soci\u00e9t\u00e9 Clic Gauche ne peut-\u00eatre engag\u00e9e en cas d\u2019erreur ou d\u2019omission involontaire, malgr\u00e9 les soins port\u00e9s \u00e0 la confection de ce site.<\/p>\n\t\t\t\t\t\t\t\t<\/div>\n\t\t\t\t<\/div>\n\t\t\t\t\t<\/div>\n\t\t<\/div>\n\t\t\t\t\t<\/div>\n\t\t<\/section>\n\t\t\t\t<\/div>\n\t\t","protected":false},"excerpt":{"rendered":"<p>Mentions L\u00e9gales Editeur du Site Internet Clic GaucheSARL au capital de 10 000 \u20ac inscrite au RCS de Paris sous le n\u00b0 512850421TVA intracommunautaire : FR34512850421Si\u00e8ge social : 9 rue de l\u2019Arc de Triomphe \u2013 75017 ParisTel : +33 (0)1 73 71 81 87E-mail :&#8230;<\/p>\n","protected":false},"author":1,"featured_media":0,"parent":0,"menu_order":0,"comment_status":"closed","ping_status":"closed","template":"","meta":{"footnotes":""},"class_list":["post-1555","page","type-page","status-publish","hentry"],"yoast_head":"<!-- This site is optimized with the Yoast SEO plugin v26.8 - https:\/\/yoast.com\/product\/yoast-seo-wordpress\/ -->\n<title>Legal Notice - Mercure Op\u00e9ra Garnier<\/title>\n<meta name=\"robots\" content=\"index, follow, max-snippet:-1, max-image-preview:large, max-video-preview:-1\" \/>\n<link rel=\"canonical\" href=\"https:\/\/hoteloperagarnier.com\/en\/legal-notice\/\" \/>\n<meta property=\"og:locale\" content=\"en_US\" \/>\n<meta property=\"og:type\" content=\"article\" \/>\n<meta property=\"og:title\" content=\"Legal Notice - Mercure Op\u00e9ra Garnier\" \/>\n<meta property=\"og:description\" content=\"Mentions L\u00e9gales Editeur du Site Internet Clic GaucheSARL au capital de 10 000 \u20ac inscrite au RCS de Paris sous le n\u00b0 512850421TVA intracommunautaire : FR34512850421Si\u00e8ge social : 9 rue de l\u2019Arc de Triomphe \u2013 75017 ParisTel : +33 (0)1 73 71 81 87E-mail :...\" \/>\n<meta property=\"og:url\" content=\"https:\/\/hoteloperagarnier.com\/en\/legal-notice\/\" \/>\n<meta property=\"og:site_name\" content=\"Mercure Op\u00e9ra Garnier\" \/>\n<meta name=\"twitter:card\" content=\"summary_large_image\" \/>\n<meta name=\"twitter:label1\" content=\"Est. reading time\" \/>\n\t<meta name=\"twitter:data1\" content=\"2 minutes\" \/>\n<script type=\"application\/ld+json\" class=\"yoast-schema-graph\">{\"@context\":\"https:\/\/schema.org\",\"@graph\":[{\"@type\":\"WebPage\",\"@id\":\"https:\/\/hoteloperagarnier.com\/en\/legal-notice\/\",\"url\":\"https:\/\/hoteloperagarnier.com\/en\/legal-notice\/\",\"name\":\"Legal Notice - Mercure Op\u00e9ra Garnier\",\"isPartOf\":{\"@id\":\"https:\/\/hoteloperagarnier.com\/en\/#website\"},\"datePublished\":\"2021-10-06T14:45:02+00:00\",\"breadcrumb\":{\"@id\":\"https:\/\/hoteloperagarnier.com\/en\/legal-notice\/#breadcrumb\"},\"inLanguage\":\"en-US\",\"potentialAction\":[{\"@type\":\"ReadAction\",\"target\":[\"https:\/\/hoteloperagarnier.com\/en\/legal-notice\/\"]}]},{\"@type\":\"BreadcrumbList\",\"@id\":\"https:\/\/hoteloperagarnier.com\/en\/legal-notice\/#breadcrumb\",\"itemListElement\":[{\"@type\":\"ListItem\",\"position\":1,\"name\":\"Accueil\",\"item\":\"https:\/\/hoteloperagarnier.com\/en\/\"},{\"@type\":\"ListItem\",\"position\":2,\"name\":\"Legal Notice\"}]},{\"@type\":\"WebSite\",\"@id\":\"https:\/\/hoteloperagarnier.com\/en\/#website\",\"url\":\"https:\/\/hoteloperagarnier.com\/en\/\",\"name\":\"Mercure Op\u00e9ra Garnier\",\"description\":\"Mercure Op&eacute;ra Garnier\",\"potentialAction\":[{\"@type\":\"SearchAction\",\"target\":{\"@type\":\"EntryPoint\",\"urlTemplate\":\"https:\/\/hoteloperagarnier.com\/en\/?s={search_term_string}\"},\"query-input\":{\"@type\":\"PropertyValueSpecification\",\"valueRequired\":true,\"valueName\":\"search_term_string\"}}],\"inLanguage\":\"en-US\"}]}<\/script>\n<!-- \/ Yoast SEO plugin. -->","yoast_head_json":{"title":"Legal Notice - Mercure Op\u00e9ra Garnier","robots":{"index":"index","follow":"follow","max-snippet":"max-snippet:-1","max-image-preview":"max-image-preview:large","max-video-preview":"max-video-preview:-1"},"canonical":"https:\/\/hoteloperagarnier.com\/en\/legal-notice\/","og_locale":"en_US","og_type":"article","og_title":"Legal Notice - Mercure Op\u00e9ra Garnier","og_description":"Mentions L\u00e9gales Editeur du Site Internet Clic GaucheSARL au capital de 10 000 \u20ac inscrite au RCS de Paris sous le n\u00b0 512850421TVA intracommunautaire : FR34512850421Si\u00e8ge social : 9 rue de l\u2019Arc de Triomphe \u2013 75017 ParisTel : +33 (0)1 73 71 81 87E-mail :...","og_url":"https:\/\/hoteloperagarnier.com\/en\/legal-notice\/","og_site_name":"Mercure Op\u00e9ra Garnier","twitter_card":"summary_large_image","twitter_misc":{"Est. reading time":"2 minutes"},"schema":{"@context":"https:\/\/schema.org","@graph":[{"@type":"WebPage","@id":"https:\/\/hoteloperagarnier.com\/en\/legal-notice\/","url":"https:\/\/hoteloperagarnier.com\/en\/legal-notice\/","name":"Legal Notice - Mercure Op\u00e9ra Garnier","isPartOf":{"@id":"https:\/\/hoteloperagarnier.com\/en\/#website"},"datePublished":"2021-10-06T14:45:02+00:00","breadcrumb":{"@id":"https:\/\/hoteloperagarnier.com\/en\/legal-notice\/#breadcrumb"},"inLanguage":"en-US","potentialAction":[{"@type":"ReadAction","target":["https:\/\/hoteloperagarnier.com\/en\/legal-notice\/"]}]},{"@type":"BreadcrumbList","@id":"https:\/\/hoteloperagarnier.com\/en\/legal-notice\/#breadcrumb","itemListElement":[{"@type":"ListItem","position":1,"name":"Accueil","item":"https:\/\/hoteloperagarnier.com\/en\/"},{"@type":"ListItem","position":2,"name":"Legal Notice"}]},{"@type":"WebSite","@id":"https:\/\/hoteloperagarnier.com\/en\/#website","url":"https:\/\/hoteloperagarnier.com\/en\/","name":"Mercure Op\u00e9ra Garnier","description":"Mercure Op&eacute;ra Garnier","potentialAction":[{"@type":"SearchAction","target":{"@type":"EntryPoint","urlTemplate":"https:\/\/hoteloperagarnier.com\/en\/?s={search_term_string}"},"query-input":{"@type":"PropertyValueSpecification","valueRequired":true,"valueName":"search_term_string"}}],"inLanguage":"en-US"}]}},"_links":{"self":[{"href":"https:\/\/hoteloperagarnier.com\/en\/wp-json\/wp\/v2\/pages\/1555","targetHints":{"allow":["GET"]}}],"collection":[{"href":"https:\/\/hoteloperagarnier.com\/en\/wp-json\/wp\/v2\/pages"}],"about":[{"href":"https:\/\/hoteloperagarnier.com\/en\/wp-json\/wp\/v2\/types\/page"}],"author":[{"embeddable":true,"href":"https:\/\/hoteloperagarnier.com\/en\/wp-json\/wp\/v2\/users\/1"}],"replies":[{"embeddable":true,"href":"https:\/\/hoteloperagarnier.com\/en\/wp-json\/wp\/v2\/comments?post=1555"}],"version-history":[{"count":1,"href":"https:\/\/hoteloperagarnier.com\/en\/wp-json\/wp\/v2\/pages\/1555\/revisions"}],"predecessor-version":[{"id":1556,"href":"https:\/\/hoteloperagarnier.com\/en\/wp-json\/wp\/v2\/pages\/1555\/revisions\/1556"}],"wp:attachment":[{"href":"https:\/\/hoteloperagarnier.com\/en\/wp-json\/wp\/v2\/media?parent=1555"}],"curies":[{"name":"wp","href":"https:\/\/api.w.org\/{rel}","templated":true}]}}